{"id":5541,"date":"2020-06-13T22:40:00","date_gmt":"2020-06-13T21:40:00","guid":{"rendered":"http:\/\/arquitecturadeasturias.com\/obras\/?page_id=5541"},"modified":"2021-09-02T10:48:14","modified_gmt":"2021-09-02T08:48:14","slug":"equipo-2","status":"publish","type":"page","link":"https:\/\/arquitecturadeasturias.com\/obras\/equipo-2\/","title":{"rendered":"Equipo"},"content":{"rendered":"\n<hr class=\"wp-block-separator\"\/>\n\n\n\n<p><\/p>\n\n\n<p><img loading=\"lazy\" class=\"alignleft wp-image-5366\" src=\"https:\/\/arquitecturadeasturias.com\/obras\/wp-content\/uploads\/2020\/05\/omar_final.jpg\" alt=\"\" width=\"255\" height=\"250\"><\/p>\n\n\n<div class=\"wp-block-group\"><div class=\"wp-block-group__inner-container\">\n<p><strong><span wfd-id=\"362\" class=\"has-inline-color has-very-dark-gray-color\">OMAR \u00abRo.Ma.\u00bb RODR\u00cdGUEZ MAYO<\/span><\/strong> \/ Avil\u00e9s \/  1987<\/p>\n\n\n\n<p><\/p>\n\n\n\n<p class=\"has-text-align-justify\">Arquitecto desde 2016 por la Escuela T\u00e9cnica Superior de Arquitectura de A Coru\u00f1a (ETSAC). Desde ese mismo a\u00f1o emprende en Avil\u00e9s su propio estudio<span class=\"has-inline-color has-cyan-bluish-gray-color\"> <\/span><span wfd-id=\"355\" class=\"has-inline-color has-very-dark-gray-color\"><span wfd-id=\"358\" style=\"text-decoration: underline;\"><a rel=\"noreferrer noopener\" href=\"http:\/\/www.omarroma.es\" target=\"_blank\">Arquitectura Omar Ro.Ma<\/a><\/span>.<\/span> Tambi\u00e9n es miembro del equipo y colaborador de <span wfd-id=\"355\" class=\"has-inline-color has-very-dark-gray-color\"><span wfd-id=\"357\" style=\"text-decoration: underline;\"><a rel=\"noreferrer noopener\" href=\"http:\/\/arquitecturadegalicia.eu\/\" target=\"_blank\">Arquitectura de Galicia<\/a><\/span>, <\/span>con el que ha obtenido el premio COAG de Investigaci\u00f3n y difusi\u00f3n en el a\u00f1o 2015. Enamorado de la fotograf\u00eda de arquitectura, dibujante activo en su proyecto<span wfd-id=\"355\" class=\"has-inline-color has-very-dark-gray-color\"> <span wfd-id=\"356\" style=\"text-decoration: underline;\"><a rel=\"noreferrer noopener\" href=\"https:\/\/www.instagram.com\/elsecretu.l.llapiceru\/\" target=\"_blank\">El Secretu\u2019l Llapiceru<\/a><\/span> <\/span>y activo cultural como componente de la asociaci\u00f3n avilesina<span class=\"has-inline-color has-cyan-bluish-gray-color\"> <a href=\"https:\/\/www.facebook.com\/ARTStreetPalacioValdes\/\" target=\"_blank\" rel=\"noreferrer noopener\">Art Street de Palacio Vald\u00e9s<\/a><\/span><span wfd-id=\"355\" class=\"has-inline-color has-very-dark-gray-color\">. <\/span><\/p>\n<\/div><\/div>\n\n\n\n<p class=\"has-text-align-center\"><a rel=\"noreferrer noopener\" href=\"https:\/\/es.linkedin.com\/in\/omar-rodr%C3%ADguez-mayo\" target=\"_blank\"><img loading=\"lazy\" width=\"110\" height=\"110\" class=\"wp-image-5395\" style=\"width: 25px;\" src=\"https:\/\/arquitecturadeasturias.com\/obras\/wp-content\/uploads\/2020\/05\/image-3.png\" alt=\"\"><\/a> <a rel=\"noreferrer noopener\" href=\"https:\/\/www.instagram.com\/omar_ro.ma\/\" target=\"_blank\"><img loading=\"lazy\" width=\"383\" height=\"382\" class=\"wp-image-5398\" style=\"width: 27px;\" src=\"https:\/\/arquitecturadeasturias.com\/obras\/wp-content\/uploads\/2020\/05\/Captura-de-pantalla-2020-05-17-a-las-22.00.08.jpg\" alt=\"\" srcset=\"https:\/\/arquitecturadeasturias.com\/obras\/wp-content\/uploads\/2020\/05\/Captura-de-pantalla-2020-05-17-a-las-22.00.08.jpg 383w, https:\/\/arquitecturadeasturias.com\/obras\/wp-content\/uploads\/2020\/05\/Captura-de-pantalla-2020-05-17-a-las-22.00.08-110x110.jpg 110w\" sizes=\"(max-width: 383px) 100vw, 383px\" \/><\/a> <a href=\"https:\/\/www.flickr.com\/photos\/129964783@N05\/\" target=\"_blank\" rel=\"noreferrer noopener\"><img loading=\"lazy\" width=\"110\" height=\"110\" class=\"wp-image-5394\" style=\"width: 25px;\" src=\"https:\/\/arquitecturadeasturias.com\/obras\/wp-content\/uploads\/2020\/05\/image-2.png\" alt=\"\"><\/a> <a href=\"https:\/\/www.facebook.com\/omarromaarquitecto\/\" target=\"_blank\" rel=\"noreferrer noopener\"><img loading=\"lazy\" width=\"225\" height=\"225\" class=\"wp-image-5407\" style=\"width: 25px;\" src=\"https:\/\/arquitecturadeasturias.com\/obras\/wp-content\/uploads\/2020\/05\/descarga.jpeg\" alt=\"\" srcset=\"https:\/\/arquitecturadeasturias.com\/obras\/wp-content\/uploads\/2020\/05\/descarga.jpeg 225w, https:\/\/arquitecturadeasturias.com\/obras\/wp-content\/uploads\/2020\/05\/descarga-110x110.jpeg 110w\" sizes=\"(max-width: 225px) 100vw, 225px\" \/><\/a>      <\/p>\n\n\n\n<hr class=\"wp-block-separator is-style-default\"\/>\n\n\n\n<hr class=\"wp-block-separator\"\/>\n\n\n<p><\/p>\n<p><img loading=\"lazy\" class=\"alignleft wp-image-5413\" src=\"https:\/\/arquitecturadeasturias.com\/obras\/wp-content\/uploads\/2020\/05\/luis_final-1.jpg\" alt=\"\" width=\"255\" height=\"250\"><\/p>\n\n\n<p> <\/p>\n\n\n\n<p><span class=\"has-inline-color has-very-dark-gray-color\"><strong>LUIS M. SANTALLA BLANCO<\/strong> \/ Cedeira \/ 1987 <\/span><\/p>\n\n\n\n<p><\/p>\n\n\n\n<p class=\"has-text-align-justify\">Arquitecto por la Escuela T\u00e9cnica Superior de Arquitectura de A Coru\u00f1a (ETSAC). Socio fundador del estudio de arquitectura <a rel=\"noreferrer noopener\" href=\"http:\/\/flu-or.com\/\" target=\"_blank\"><span style=\"text-decoration: underline;\">Flu-or<\/span><\/a> desde 2009 con sede en A Coru\u00f1a. Dirige y produce el blog&nbsp;sobre construcci\u00f3n <span style=\"text-decoration: underline;\"><a rel=\"noreferrer noopener\" href=\"http:\/\/teoriadeconstruccion.net\/\" target=\"_blank\">teoriadeconstruccion.net<\/a><\/span>&nbsp;y es miembro del equipo y colaborador habitual de <a rel=\"noreferrer noopener\" href=\"http:\/\/arquitecturadegalicia.eu\/\" target=\"_blank\">Arquitectura de Galicia<\/a>, con el que ha obtenido el premio COAG de Investigaci\u00f3n y difusi\u00f3n en el a\u00f1o 2015. Actualmente realiza la tesis doctoral \u00abAuditor\u00eda a la did\u00e1ctica de la arquitectura\u00bb en la Universidad de A Coru\u00f1a.  Ganador del premio <span style=\"text-decoration: underline;\"><a href=\"http:\/\/www.flu-or.com\/europan.html\" target=\"_blank\" rel=\"noreferrer noopener\">Europan 13 en A Coru\u00f1a<\/a><\/span>. <\/p>\n\n\n\n<p><\/p>\n\n\n\n<p><\/p>\n\n\n\n<p><\/p>\n\n\n\n<p class=\"has-text-align-center\"><a rel=\"noreferrer noopener\" href=\"https:\/\/www.linkedin.com\/authwall?trk=gf&amp;trkInfo=AQFDd9V9VMxbgwAAAXIkktDIk_kNFWNFiemBwgJKZqwSAfjzRzIXgKuVr4XDwLsrNvTa_EQT5eP6nwjfJQGMtVBzZMpocg7iByUpIvN-BkSQp6cWxIaCJfea57ZZZ01odA7LDjs=&amp;originalReferer=https:\/\/www.google.com\/&amp;sessionRedirect=https%3A%2F%2Fes.linkedin.com%2Fin%2Fluissantalla\" target=\"_blank\"><img loading=\"lazy\" width=\"110\" height=\"110\" class=\"wp-image-5395\" style=\"width: 25px;\" src=\"https:\/\/arquitecturadeasturias.com\/obras\/wp-content\/uploads\/2020\/05\/image-3.png\" alt=\"\"><\/a> <a href=\"https:\/\/www.instagram.com\/sisosb46\/\" target=\"_blank\" rel=\"noreferrer noopener\"><img loading=\"lazy\" width=\"383\" height=\"382\" class=\"wp-image-5398\" style=\"width: 27px;\" src=\"https:\/\/arquitecturadeasturias.com\/obras\/wp-content\/uploads\/2020\/05\/Captura-de-pantalla-2020-05-17-a-las-22.00.08.jpg\" alt=\"\" srcset=\"https:\/\/arquitecturadeasturias.com\/obras\/wp-content\/uploads\/2020\/05\/Captura-de-pantalla-2020-05-17-a-las-22.00.08.jpg 383w, https:\/\/arquitecturadeasturias.com\/obras\/wp-content\/uploads\/2020\/05\/Captura-de-pantalla-2020-05-17-a-las-22.00.08-110x110.jpg 110w\" sizes=\"(max-width: 383px) 100vw, 383px\" \/><\/a>  <a rel=\"noreferrer noopener\" href=\"https:\/\/www.facebook.com\/casabenita?fref=ts\" target=\"_blank\"><img loading=\"lazy\" width=\"225\" height=\"225\" class=\"wp-image-5407\" style=\"width: 25px;\" src=\"https:\/\/arquitecturadeasturias.com\/obras\/wp-content\/uploads\/2020\/05\/descarga.jpeg\" alt=\"\" srcset=\"https:\/\/arquitecturadeasturias.com\/obras\/wp-content\/uploads\/2020\/05\/descarga.jpeg 225w, https:\/\/arquitecturadeasturias.com\/obras\/wp-content\/uploads\/2020\/05\/descarga-110x110.jpeg 110w\" sizes=\"(max-width: 225px) 100vw, 225px\" \/><\/a>      <\/p>\n\n\n\n<p><\/p>\n\n\n\n<hr class=\"wp-block-separator is-style-default\"\/>\n\n\n\n<hr class=\"wp-block-separator\"\/>\n\n\n<p><img loading=\"lazy\" class=\"alignleft wp-image-5730\" src=\"https:\/\/arquitecturadeasturias.com\/obras\/wp-content\/uploads\/2021\/04\/adriana-1.jpg\" alt=\"\" width=\"255\" height=\"249\"><\/p>\n\n\n<p><span wfd-id=\"319\" class=\"has-inline-color has-very-dark-gray-color\"><strong>ADRIANA DE LOS SANTOS ZAPICO<\/strong> \/ Oviedo \/ <\/span>1988<\/p>\n\n\n\n<p><\/p>\n\n\n\n<p class=\"has-text-align-justify\">Arquitecta por la Escuela T\u00e9cnica Superior de Arquitectura de Madrid (ETSAM). Durante el curso acad\u00e9mico 2010 &#8211; 2011 realiza un a\u00f1o de intercambio Erasmus en la Universidad Technische Universit\u00e4t de Darmstadt (Alemania). Tras finalizar los estudios regresa a Oviedo donde trabaja como arquitecta aut\u00f3noma,  centr\u00e1ndose principalmente en proyectos de rehabilitaci\u00f3n y nueva planta colaborando con Francisco Javier de los Santos Fern\u00e1ndez, as\u00ed como realizando informes de patolog\u00edas en edificios. Le interesa el Patrimonio Arquitect\u00f3nico de Asturias y su defensa.<\/p>\n\n\n\n<p><\/p>\n\n\n\n<p><\/p>\n\n\n\n<p><\/p>\n\n\n\n<p><\/p>\n\n\n\n<p><a href=\"https:\/\/www.linkedin.com\/in\/andreaalvarezguardado\/\" target=\"_blank\" rel=\"noreferrer noopener\"><\/a><\/p>\n\n\n\n<hr class=\"wp-block-separator is-style-default\"\/>\n\n\n\n<hr class=\"wp-block-separator is-style-wide\"\/>\n\n\n<p><img loading=\"lazy\" class=\"alignleft wp-image-5451\" src=\"https:\/\/arquitecturadeasturias.com\/obras\/wp-content\/uploads\/2020\/05\/Silvia_final.jpg\" alt=\"\" width=\"255\" height=\"250\"><\/p>\n\n\n<p><\/p>\n\n\n\n<p><span class=\"has-inline-color has-very-dark-gray-color\"><strong>SILVIA M. RIESGO<\/strong> \/ Cudillero \/ 1990<\/span><\/p>\n\n\n\n<p class=\"has-text-align-justify\">Arquitecta por la Escuela T\u00e9cnica Superior de Arquitectura de A Coru\u00f1a (ETSAC) desde el a\u00f1o 2016. Durante el curso acad\u00e9mico 2013 &#8211; 2014 realiza un a\u00f1o de intercambio Erasmus en la Universidad Polit\u00e9cnica de Lublin (Polonia), repitiendo pa\u00eds de destino en el a\u00f1o 2017 para desarollar pr\u00e1cticas en el estudio de arquitectura LAP de Varsovia. Actualmente en Asturias, colabora desde el a\u00f1o 2016 con el proyecto did\u00e1ctico <span style=\"text-decoration: underline;\"><a href=\"Nanolab \">Nanolab<\/a><\/span> , centrando su labor principal en talleres de arquitectura y urbanismo para ni\u00f1os,  a la vez que trabaja en la administraci\u00f3n local.<\/p>\n\n\n\n<p><\/p>\n\n\n\n<p><\/p>\n\n\n\n<p><\/p>\n\n\n\n<p><\/p>\n\n\n\n<p class=\"has-text-align-center\"><a rel=\"noreferrer noopener\" href=\"https:\/\/es.linkedin.com\/in\/silvia-men%C3%A9ndez-riesgo-845508a2\" target=\"_blank\"><img loading=\"lazy\" width=\"110\" height=\"110\" class=\"wp-image-5395\" style=\"width: 25px;\" src=\"https:\/\/arquitecturadeasturias.com\/obras\/wp-content\/uploads\/2020\/05\/image-3.png\" alt=\"\"><\/a>  <\/p>\n\n\n\n<hr class=\"wp-block-separator is-style-wide\"\/>\n\n\n\n<hr class=\"wp-block-separator\"\/>\n\n\n<p><img loading=\"lazy\" class=\"alignleft wp-image-5459\" src=\"https:\/\/arquitecturadeasturias.com\/obras\/wp-content\/uploads\/2020\/05\/sara_final.jpg\" alt=\"\" width=\"255\" height=\"250\"><\/p>\n\n\n<p><span class=\"has-inline-color has-very-dark-gray-color\"><strong>SARA AG\u00daNDEZ MOSQUERA<\/strong>\/ Gij\u00f3n \/ 198<\/span>6<\/p>\n\n\n\n<p class=\"has-text-align-justify\">Arquitecta por la Escuela T\u00e9cnica Superior de Arquitectura de A Coru\u00f1a (ETSAC) desde el a\u00f1o 2013. Durante el curso acad\u00e9mico 2009 -2010 realiza un a\u00f1o de intercambio Erasmus en la Universidad do Minho en Portugal. Posteriormente en 2014 se traslada a Barcelona donde realiza el M\u00e1ster en Teor\u00eda y Pr\u00e1ctica del Proyecto de Arquitectura (MTPPA), colabora con la fundaci\u00f3n <a rel=\"noreferrer noopener\" href=\"http:\/\/www.docomomoiberico.com\/index.php?lang=es\" target=\"_blank\">docomomo_ib\u00e9rico<\/a> y trabaja en varios estudios de arquitectura  hasta el a\u00f1o 2018. Es miembro del equipo de <span style=\"text-decoration: underline;\"><a rel=\"noreferrer noopener\" href=\"https:\/\/suposicionblog.wordpress.com\/\" target=\"_blank\">su.posici\u00f3n.<\/a><\/span> Actualmente en Asturias colabora con distintos despachos de arquitectura en la regi\u00f3n.<\/p>\n\n\n\n<div class=\"wp-block-image\"><figure class=\"aligncenter size-large is-resized\"><a href=\"https:\/\/saraamarchitecture.tumblr.com\/\" target=\"_blank\" rel=\"noopener noreferrer\"><img loading=\"lazy\" src=\"https:\/\/arquitecturadeasturias.com\/obras\/wp-content\/uploads\/2020\/05\/Captura-de-pantalla-2020-05-18-a-las-23.45.14-1.jpg\" alt=\"\" class=\"wp-image-5489\" width=\"27\" height=\"29\"\/><\/a><\/figure><\/div>\n\n\n\n<hr class=\"wp-block-separator\"\/>\n\n\n\n<hr class=\"wp-block-separator\"\/>\n\n\n\n<p><\/p>\n\n\n<p><img loading=\"lazy\" class=\"alignleft wp-image-5460\" src=\"https:\/\/arquitecturadeasturias.com\/obras\/wp-content\/uploads\/2020\/05\/noelia_final.jpg\" alt=\"\" width=\"255\" height=\"250\"><\/p>\n\n\n<p><span class=\"has-inline-color has-very-dark-gray-color\"><strong>NOELIA RUBIO BLANCO<\/strong> \/ Cangas de Narcea \/ 1991 <\/span><\/p>\n\n\n\n<p class=\"has-text-align-justify\">Arquitecta por la Escuela T\u00e9cnica Superior de Arquitectura de A Coru\u00f1a (ETSAC) desde el a\u00f1o 2017. Durante el curso acad\u00e9mico 2015-2016 realiza un a\u00f1o de intercambio en la Universidad Tecnol\u00f3gica de Brno, en la Rep\u00fablica Checa. Simult\u00e1neamente amplia su preparaci\u00f3n con cursos de formaci\u00f3n adicionales y realiza pr\u00e1cticas en el estudio PP Architekter. Arquitecta en activo desde 2017, trabaja como colaboradora en diversas empresas y con compa\u00f1eros de la profesi\u00f3n, donde cabe destacar un perfil vers\u00e1til. Apasionada del dibujo y la literatura.<\/p>\n\n\n\n<p class=\"has-text-align-center\"><a rel=\"noreferrer noopener\" href=\"https:\/\/www.linkedin.com\/authwall?trk=bf&amp;trkInfo=AQFHlQBkv8mACQAAAXJH9mqY7umMC8k2-gdFb0CW6Dxngtqpvk_ljVH6COLvktr_zd_uolIzLVzBuAqHzRey98QsBU4MdhPq2Zk5Jb2mPQefC157-8H7WLMUG2WbreyJk0BwHGo=&amp;originalReferer=&amp;sessionRedirect=https%3A%2F%2Fwww.linkedin.com%2Fin%2Fnoelia-rubio-35b111137%252010%3A41\" target=\"_blank\"><img loading=\"lazy\" width=\"110\" height=\"110\" class=\"wp-image-5395\" style=\"width: 25px;\" src=\"https:\/\/arquitecturadeasturias.com\/obras\/wp-content\/uploads\/2020\/05\/image-3.png\" alt=\"\"><\/a>   <a href=\"https:\/\/www.behance.net\/user\/?username=rubioblanccee7\" target=\"_blank\" rel=\"noreferrer noopener\"><img loading=\"lazy\" width=\"415\" height=\"410\" class=\"wp-image-5510\" style=\"width: 29px;\" src=\"https:\/\/arquitecturadeasturias.com\/obras\/wp-content\/uploads\/2020\/05\/Captura-de-pantalla-2020-05-24-a-las-20.34.38.jpg\" alt=\"\" srcset=\"https:\/\/arquitecturadeasturias.com\/obras\/wp-content\/uploads\/2020\/05\/Captura-de-pantalla-2020-05-24-a-las-20.34.38.jpg 415w, https:\/\/arquitecturadeasturias.com\/obras\/wp-content\/uploads\/2020\/05\/Captura-de-pantalla-2020-05-24-a-las-20.34.38-110x110.jpg 110w\" sizes=\"(max-width: 415px) 100vw, 415px\" \/><\/a><\/p>\n\n\n\n<hr class=\"wp-block-separator\"\/>\n\n\n\n<hr class=\"wp-block-separator\"\/>\n\n\n<p><img loading=\"lazy\" class=\"alignleft wp-image-5517\" src=\"https:\/\/arquitecturadeasturias.com\/obras\/wp-content\/uploads\/2020\/05\/angela_final-1.jpg\" alt=\"\" width=\"250\" height=\"245\"><\/p>\n\n\n<p class=\"has-text-align-left\"><span class=\"has-inline-color has-very-dark-gray-color\"><strong>\u00c1NGELA TEJO POSADA<\/strong> \/ Ribadesella \/ 19<\/span>87<\/p>\n\n\n\n<p><\/p>\n\n\n\n<p><\/p>\n\n\n\n<p class=\"has-text-align-justify\">Arquitecta por la Escuela T\u00e9cnica Superior de Arquitectura de A Coru\u00f1a (ETSAC) desde el a\u00f1o 2017. Desde su \u00e9poca estudiantil, realiza acuarelas incluyendo portadas de publicaciones y carteles. Tras finalizar la carrera, vuelve a Asturias para trabajar en diferentes estudios antes de su propio estudio. Gran aficionada al deporte y a la cultura, en 2017 se convirti\u00f3 en la primera mujer que preside la Real Sociedad Cultural y Deportiva de Ribadesella. La entidad que preside realiza diferentes actividades tanto a nivel local, regional y nacional. Como deportista ha practicado diferentes modalidades como el atletismo o la automoci\u00f3n. <\/p>\n\n\n\n<hr class=\"wp-block-separator\"\/>\n\n\n\n<hr class=\"wp-block-separator\"\/>\n\n\n<p><img loading=\"lazy\" class=\"alignleft wp-image-5506\" src=\"https:\/\/arquitecturadeasturias.com\/obras\/wp-content\/uploads\/2020\/05\/0.jpg\" alt=\"\" width=\"250\" height=\"250\" srcset=\"https:\/\/arquitecturadeasturias.com\/obras\/wp-content\/uploads\/2020\/05\/0.jpg 200w, https:\/\/arquitecturadeasturias.com\/obras\/wp-content\/uploads\/2020\/05\/0-110x110.jpg 110w\" sizes=\"(max-width: 250px) 100vw, 250px\" \/><\/p>\n\n\n<p class=\"has-text-align-left\"><span class=\"has-inline-color has-very-dark-gray-color\"><strong>DAR\u00cdO VALLINA RODR\u00cdGO<\/strong> \/ Gij\u00f3n \/ 1987 <\/span><\/p>\n\n\n\n<p class=\"has-text-align-justify\">Arquitecto por la Escuela T\u00e9cnica Superior de Arquitectura de A Coru\u00f1a (ETSAC) desde 2014. Ya como estudiante, en 2011 fue uno de los pioneros junto a Rub\u00e9n Ull\u00f3a en crear la p\u00e1gina web <a rel=\"noreferrer noopener\" href=\"http:\/\/arquitecturadegalicia.eu\/\" target=\"_blank\"><span wfd-id=\"380\" style=\"text-decoration: underline;\">arquitecturadegalicia.eu<\/span><\/a>. Tambi\u00e9n fue uno de los primeros participantes de arquitecturadeasturias.com. Tras la finalizaci\u00f3n de sus estudios universitarios, volvi\u00f3 a Asturias y empez\u00f3 a trabajar en Gij\u00f3n por cuenta ajena. Desde 2016, reside en Mexico D.F. trabajando para un estudio local, desde el que dirige proyectos de gran escala.<\/p>\n\n\n\n<p class=\"has-text-align-center\"><a href=\"https:\/\/mx.linkedin.com\/in\/dario-vallina-rodrigo-34a670b2\" target=\"_blank\" rel=\"noreferrer noopener\"><img loading=\"lazy\" width=\"110\" height=\"110\" class=\"wp-image-5395\" style=\"width: 25px;\" src=\"https:\/\/arquitecturadeasturias.com\/obras\/wp-content\/uploads\/2020\/05\/image-3.png\" alt=\"\"><\/a>   <\/p>\n\n\n\n<hr class=\"wp-block-separator\"\/>\n\n\n\n<hr class=\"wp-block-separator\"\/>\n\n\n<p><strong>OTROS COLABORADORES:<\/strong><\/p>\n<p>Miriam Alonso (Avil\u00e9s)<\/p>\n<p>David Fern\u00e1ndez (Avil\u00e9s)<\/p>\n<p>Ana G\u00f3mez (Navia)<\/p>\n<p>Laura Rico (Villay\u00f3n)<\/p>\n<p>Marta Su\u00e1rez (Navia)<\/p>\n<p>Rub\u00e9n Ulloa (A Coru\u00f1a)<\/p>\n<p>\u00a0<\/p>\n\n\n<p><\/p>\n","protected":false},"excerpt":{"rendered":"<p>OMAR \u00abRo.Ma.\u00bb RODR\u00cdGUEZ MAYO \/ Avil\u00e9s \/ 1987 Arquitecto desde 2016 por la Escuela T\u00e9cnica Superior de Arquitectura de A Coru\u00f1a (ETSAC). Desde ese mismo a\u00f1o emprende en Avil\u00e9s su propio estudio Arquitectura Omar Ro.Ma. Tambi\u00e9n es miembro del equipo y colaborador de Arquitectura de Galicia, con el que ha obtenido el premio COAG de<a href=\"https:\/\/arquitecturadeasturias.com\/obras\/equipo-2\/\" title=\"Read more\" >&#8230;<\/a><\/p>\n","protected":false},"author":10,"featured_media":0,"parent":0,"menu_order":5,"comment_status":"closed","ping_status":"closed","template":"","meta":[],"yoast_head":"<!-- This site is optimized with the Yoast SEO plugin v19.4 - https:\/\/yoast.com\/wordpress\/plugins\/seo\/ -->\n<title>Equipo - A-A<\/title>\n<meta name=\"robots\" content=\"index, follow, max-snippet:-1, max-image-preview:large, max-video-preview:-1\" \/>\n<link rel=\"canonical\" href=\"https:\/\/arquitecturadeasturias.com\/obras\/equipo-2\/\" \/>\n<meta property=\"og:locale\" content=\"es_ES\" \/>\n<meta property=\"og:type\" content=\"article\" \/>\n<meta property=\"og:title\" content=\"Equipo - A-A\" \/>\n<meta property=\"og:description\" content=\"OMAR \u00abRo.Ma.\u00bb RODR\u00cdGUEZ MAYO \/ Avil\u00e9s \/ 1987 Arquitecto desde 2016 por la Escuela T\u00e9cnica Superior de Arquitectura de A Coru\u00f1a (ETSAC). Desde ese mismo a\u00f1o emprende en Avil\u00e9s su propio estudio Arquitectura Omar Ro.Ma. Tambi\u00e9n es miembro del equipo y colaborador de Arquitectura de Galicia, con el que ha obtenido el premio COAG de...\" \/>\n<meta property=\"og:url\" content=\"https:\/\/arquitecturadeasturias.com\/obras\/equipo-2\/\" \/>\n<meta property=\"og:site_name\" content=\"A-A\" \/>\n<meta property=\"article:modified_time\" content=\"2021-09-02T08:48:14+00:00\" \/>\n<meta property=\"og:image\" content=\"http:\/\/arquitecturadeasturias.com\/obras\/wp-content\/uploads\/2020\/05\/omar_final.jpg\" \/>\n<meta name=\"twitter:label1\" content=\"Tiempo de lectura\" \/>\n\t<meta name=\"twitter:data1\" content=\"8 minutos\" \/>\n<script type=\"application\/ld+json\" class=\"yoast-schema-graph\">{\"@context\":\"https:\/\/schema.org\",\"@graph\":[{\"@type\":\"WebSite\",\"@id\":\"https:\/\/arquitecturadeasturias.com\/obras\/#website\",\"url\":\"https:\/\/arquitecturadeasturias.com\/obras\/\",\"name\":\"A-A\",\"description\":\"Arquitectura de Asturias\",\"potentialAction\":[{\"@type\":\"SearchAction\",\"target\":{\"@type\":\"EntryPoint\",\"urlTemplate\":\"https:\/\/arquitecturadeasturias.com\/obras\/?s={search_term_string}\"},\"query-input\":\"required name=search_term_string\"}],\"inLanguage\":\"es\"},{\"@type\":\"WebPage\",\"@id\":\"https:\/\/arquitecturadeasturias.com\/obras\/equipo-2\/\",\"url\":\"https:\/\/arquitecturadeasturias.com\/obras\/equipo-2\/\",\"name\":\"Equipo - A-A\",\"isPartOf\":{\"@id\":\"https:\/\/arquitecturadeasturias.com\/obras\/#website\"},\"datePublished\":\"2020-06-13T21:40:00+00:00\",\"dateModified\":\"2021-09-02T08:48:14+00:00\",\"breadcrumb\":{\"@id\":\"https:\/\/arquitecturadeasturias.com\/obras\/equipo-2\/#breadcrumb\"},\"inLanguage\":\"es\",\"potentialAction\":[{\"@type\":\"ReadAction\",\"target\":[\"https:\/\/arquitecturadeasturias.com\/obras\/equipo-2\/\"]}]},{\"@type\":\"BreadcrumbList\",\"@id\":\"https:\/\/arquitecturadeasturias.com\/obras\/equipo-2\/#breadcrumb\",\"itemListElement\":[{\"@type\":\"ListItem\",\"position\":1,\"name\":\"Portada\",\"item\":\"https:\/\/arquitecturadeasturias.com\/obras\/\"},{\"@type\":\"ListItem\",\"position\":2,\"name\":\"Equipo\"}]}]}<\/script>\n<!-- \/ Yoast SEO plugin. -->","yoast_head_json":{"title":"Equipo - A-A","robots":{"index":"index","follow":"follow","max-snippet":"max-snippet:-1","max-image-preview":"max-image-preview:large","max-video-preview":"max-video-preview:-1"},"canonical":"https:\/\/arquitecturadeasturias.com\/obras\/equipo-2\/","og_locale":"es_ES","og_type":"article","og_title":"Equipo - A-A","og_description":"OMAR \u00abRo.Ma.\u00bb RODR\u00cdGUEZ MAYO \/ Avil\u00e9s \/ 1987 Arquitecto desde 2016 por la Escuela T\u00e9cnica Superior de Arquitectura de A Coru\u00f1a (ETSAC). Desde ese mismo a\u00f1o emprende en Avil\u00e9s su propio estudio Arquitectura Omar Ro.Ma. Tambi\u00e9n es miembro del equipo y colaborador de Arquitectura de Galicia, con el que ha obtenido el premio COAG de...","og_url":"https:\/\/arquitecturadeasturias.com\/obras\/equipo-2\/","og_site_name":"A-A","article_modified_time":"2021-09-02T08:48:14+00:00","og_image":[{"url":"http:\/\/arquitecturadeasturias.com\/obras\/wp-content\/uploads\/2020\/05\/omar_final.jpg"}],"twitter_misc":{"Tiempo de lectura":"8 minutos"},"schema":{"@context":"https:\/\/schema.org","@graph":[{"@type":"WebSite","@id":"https:\/\/arquitecturadeasturias.com\/obras\/#website","url":"https:\/\/arquitecturadeasturias.com\/obras\/","name":"A-A","description":"Arquitectura de Asturias","potentialAction":[{"@type":"SearchAction","target":{"@type":"EntryPoint","urlTemplate":"https:\/\/arquitecturadeasturias.com\/obras\/?s={search_term_string}"},"query-input":"required name=search_term_string"}],"inLanguage":"es"},{"@type":"WebPage","@id":"https:\/\/arquitecturadeasturias.com\/obras\/equipo-2\/","url":"https:\/\/arquitecturadeasturias.com\/obras\/equipo-2\/","name":"Equipo - A-A","isPartOf":{"@id":"https:\/\/arquitecturadeasturias.com\/obras\/#website"},"datePublished":"2020-06-13T21:40:00+00:00","dateModified":"2021-09-02T08:48:14+00:00","breadcrumb":{"@id":"https:\/\/arquitecturadeasturias.com\/obras\/equipo-2\/#breadcrumb"},"inLanguage":"es","potentialAction":[{"@type":"ReadAction","target":["https:\/\/arquitecturadeasturias.com\/obras\/equipo-2\/"]}]},{"@type":"BreadcrumbList","@id":"https:\/\/arquitecturadeasturias.com\/obras\/equipo-2\/#breadcrumb","itemListElement":[{"@type":"ListItem","position":1,"name":"Portada","item":"https:\/\/arquitecturadeasturias.com\/obras\/"},{"@type":"ListItem","position":2,"name":"Equipo"}]}]}},"_links":{"self":[{"href":"https:\/\/arquitecturadeasturias.com\/obras\/wp-json\/wp\/v2\/pages\/5541"}],"collection":[{"href":"https:\/\/arquitecturadeasturias.com\/obras\/wp-json\/wp\/v2\/pages"}],"about":[{"href":"https:\/\/arquitecturadeasturias.com\/obras\/wp-json\/wp\/v2\/types\/page"}],"author":[{"embeddable":true,"href":"https:\/\/arquitecturadeasturias.com\/obras\/wp-json\/wp\/v2\/users\/10"}],"replies":[{"embeddable":true,"href":"https:\/\/arquitecturadeasturias.com\/obras\/wp-json\/wp\/v2\/comments?post=5541"}],"version-history":[{"count":38,"href":"https:\/\/arquitecturadeasturias.com\/obras\/wp-json\/wp\/v2\/pages\/5541\/revisions"}],"predecessor-version":[{"id":6087,"href":"https:\/\/arquitecturadeasturias.com\/obras\/wp-json\/wp\/v2\/pages\/5541\/revisions\/6087"}],"wp:attachment":[{"href":"https:\/\/arquitecturadeasturias.com\/obras\/wp-json\/wp\/v2\/media?parent=5541"}],"curies":[{"name":"wp","href":"https:\/\/api.w.org\/{rel}","templated":true}]}}